{"id":120,"date":"2023-01-10T12:00:27","date_gmt":"2023-01-10T11:00:27","guid":{"rendered":"https:\/\/sigef.umh.es\/?page_id=120"},"modified":"2023-02-01T19:40:55","modified_gmt":"2023-02-01T18:40:55","slug":"comite-organizador","status":"publish","type":"page","link":"https:\/\/sigef.umh.es\/en\/comite-organizador\/","title":{"rendered":"Organizing committee"},"content":{"rendered":"<p><strong>Chair<\/strong><\/p>\n<p>Jos\u00e9 Francisco Gonzalez Carbonell (University Miguel Hern\u00e1ndez, Spain) <a href=\"mailto:jf.gonzalez@umh.es\">jf.gonzalez@umh.es<\/a><\/p>\n<p><strong>Co-Chair<\/strong><\/p>\n<p>Laura Fabregat Aibar (SIGEF, Spain) <a href=\"mailto:laura.fabregat@urv.cat\">laura.fabregat@urv.cat<\/a><\/p>\n<p><strong>Members<\/strong><\/p>\n<p>Xavier C\u00e0mara Turull (SIGEF, Spain) <a href=\"mailto:xavier.camara@urv.cat\">xavier.camara@urv.cat<\/a><\/p>\n<p>Valeria S. Ferreira (SIGEF, Spain) <a href=\"mailto:valeriasoledad.ferreira@urv.cat\">valeriasoledad.ferreira@urv.cat<\/a><\/p>\n<p>Jose Garbajosa Cabello (SIGEF, Spain)\u00a0<a href=\"mailto:mariajose.garbajosa@urv.cat\">mariajose.garbajosa@urv.cat<\/a><\/p>\n<p>Jos\u00e9 Manuel Brotons Mart\u00ednez (University Miguel Hern\u00e1ndez, Spain) <a href=\"mailto:jm.brotons@umh.es\">jm.brotons@umh.es<\/a><\/p>\n<p>Manuel E. Sansalvador Sell\u00e9s (University Miguel Hern\u00e1ndez, Spain) <a href=\"mailto:Manri@umh.es\">Manri@umh.es<\/a><\/p>\n<p>Javier Reig Mullor (University Miguel Hern\u00e1ndez, Spain) <a href=\"mailto:javier.reig@umh.es\">javier.reig@umh.es<\/a><\/p>\n<p>Jos\u00e9 A. Cavero Rubio (University Miguel Hern\u00e1ndez, Spain) <a href=\"mailto:Cavero@umh.es\">Cavero@umh.es<\/a><\/p>\n<p>Agust\u00edn P\u00e9rez Mart\u00edn (University Miguel Hern\u00e1ndez, Spain) <a href=\"mailto:agustin.perez@umh.es\">agustin.perez@umh.es<\/a><\/p>\n<p>Jos\u00e9 Maria Camara Zapata (University Miguel Hern\u00e1ndez, Spain) <a href=\"mailto:jm.camara@umh.es\">jm.camara@umh.es<\/a><\/p>\n<p>Victoria Ferrandez Serrano (University Miguel Hern\u00e1ndez, Spain) <a href=\"mailto:v.ferrandez@umh.es\">v.ferrandez@umh.es<\/a><\/p>\n<p>&nbsp;<\/p>","protected":false},"excerpt":{"rendered":"<p>Chair<br \/>\nJos\u00e9 Francisco Gonzalez Carbonell (University Miguel Hern\u00e1ndez, Spain) jf.gonzalez@umh.es<br \/>\nCo-Chair<br \/>\nLaura Fabregat Aibar (SIGEF, Spain) laura.fabregat@urv.cat<br \/>\nMembers<br \/>\nXavier C\u00e0mara Turull (SIGEF, Spain) xavier.camara@urv.cat<br \/>\nValeria S. Ferreira (SIGEF, Spain) valeriasoledad.ferreira@urv.cat<br \/>\nJose Garbajosa Cabello (SIGEF, Spain)\u00a0mariajose.garbajosa@urv.cat<br \/>\nJos\u00e9 Manuel Brotons Mart\u00ednez (University Miguel Hern\u00e1ndez, Spain) jm.brotons@umh.es<br \/>\nManuel E. Sansalvador Sell\u00e9s (University Miguel Hern\u00e1ndez, Spain) Manri@umh.es<br \/>\nJavier Reig Mullor (University Miguel Hern\u00e1ndez, Spain) javier.reig@umh.es<br \/>\nJos\u00e9 A. Cavero Rubio (University [&#8230;]<\/p>\n","protected":false},"author":1265,"featured_media":0,"parent":0,"menu_order":7,"comment_status":"closed","ping_status":"closed","template":"","meta":{"_links_to":"","_links_to_target":""},"_links":{"self":[{"href":"https:\/\/sigef.umh.es\/en\/wp-json\/wp\/v2\/pages\/120"}],"collection":[{"href":"https:\/\/sigef.umh.es\/en\/wp-json\/wp\/v2\/pages"}],"about":[{"href":"https:\/\/sigef.umh.es\/en\/wp-json\/wp\/v2\/types\/page"}],"author":[{"embeddable":true,"href":"https:\/\/sigef.umh.es\/en\/wp-json\/wp\/v2\/users\/1265"}],"replies":[{"embeddable":true,"href":"https:\/\/sigef.umh.es\/en\/wp-json\/wp\/v2\/comments?post=120"}],"version-history":[{"count":0,"href":"https:\/\/sigef.umh.es\/en\/wp-json\/wp\/v2\/pages\/120\/revisions"}],"wp:attachment":[{"href":"https:\/\/sigef.umh.es\/en\/wp-json\/wp\/v2\/media?parent=120"}],"curies":[{"name":"wp","href":"https:\/\/api.w.org\/{rel}","templated":true}]}}