{"id":84,"date":"2023-01-10T11:08:30","date_gmt":"2023-01-10T10:08:30","guid":{"rendered":"https:\/\/sigef.umh.es\/?page_id=84"},"modified":"2023-02-02T19:20:45","modified_gmt":"2023-02-02T18:20:45","slug":"presentacion-de-trabajos","status":"publish","type":"page","link":"https:\/\/sigef.umh.es\/ca\/presentacion-de-trabajos\/","title":{"rendered":"Presentaci\u00f3 de treballs"},"content":{"rendered":"<p>Recordem que per a l&#8217;acceptaci\u00f3 final del treball cal registrar-se al \u00a0<a href=\"https:\/\/universite.umh.es\/recibos\/obtenerDatosReb.asp?selTipreb=99&amp;selSubtipreb=167\" target=\"_blank\" rel=\"noopener\">website<\/a>. \u00c9s important tenir en compte que almenys la meitat dels autors de cada article s&#8217;han de registrar i pagar la tarifa del Congr\u00e9s.<\/p>\n<p>Els manuscrits, escrits en angl\u00e8s,\u00a0 s&#8217;han d&#8217;enviar per correu electr\u00f2nic a sigef@umh.es<\/p>\n<p><strong>PREPAREU EL SEU TREBALL PER AL SEU ENVIAMENT<\/strong><\/p>\n<p>Tot treball ha de complir amb les seg\u00fcents <strong>especificacions<\/strong>:<\/p>\n<p><strong>LLENGUATGE:<\/strong><\/p>\n<p>Nom\u00e9s s&#8217;accepten treballs presentats en angl\u00e8s.<\/p>\n<p><strong>SOFTWARE<\/strong><\/p>\n<p>Text i taules s&#8217;hauran de presentar a MICROSOFT-WORD per a WINDOWS.<br \/>\nLes equacions s&#8217;han de presentar a l&#8217;Equation Editor of Microsoft.<\/p>\n<p><strong>FORMAT DE TEXT<\/strong><\/p>\n<p>Paper: DIN A4 (29.7 cm high and 21 cm wide); Font: Arial 10 cpi; Margins: 3 cm left, right, upper and lower; Page numbering: central; First level title: Capital and bold (Arial 10 cpi); Second level title: Small capital and bold (Arial 10 cpi); Third level title: Lower case and bold (Arial 10 cpi)<br \/>\nLes taules i figures s&#8217;han de numerar consecutivament en n\u00fameros ar\u00e0bics. Han de ser esmentats al text.<br \/>\nLa llista de refer\u00e8ncies s&#8217;ha de presentar al final de l&#8217;article de la manera seg\u00fcent (APA style):<\/p>\n<p style=\"padding-left: 40px\">Peri\u00f2dic: Last name, F. M., &amp; Last name, F. M. (Year published). Article title. Periodical Title, Volum(Issue), pp.-pp.<br \/>\nZadeh, L. A. (1965). Fuzzy sets. Informaci\u00f3 i control, 8 (3)0, 338-353.<br \/>\nBook: Last name, FM, Last name, FM, &amp; Last name, FM (Year published). Title of book. Publisher City: Publisher<br \/>\nDubois, D., &amp; Prade, H.\u00a0(1980). Fuzzy Sets and Systems. Theory and Applications. London: Academic Press.<br \/>\nBook chapter: Last name, FM, &amp; Last name, FM (Year Published). Title of chapter. In F. M. Last name, &amp; F. M. Last name (Eds.),\u00a0Title of book\/anthology\u00a0(pp. Pages). Publisher City: Publisher<br \/>\nZadeh,\u00a0L.A. (2000). Outline of computational theory of perceptions basat en computing with words. In N.K. Sinha, &amp; M. M. Gupta (Eds.),\u00a0Soft Computing and Intelligent Systems: Theory and Applications (3-22). London: Academic Press.<\/p>\n<p>Els autors han d&#8217;enviar dos fitxers:<\/p>\n<p style=\"padding-left: 40px\">1) La p\u00e0gina de t\u00edtol ha de detallar el t\u00edtol de l&#8217;article, autor\/s, autor de correspond\u00e8ncia, correu electr\u00f2nic\/s i afiliaci\u00f3 institucional completa (Departament, Facultat, Universitat, adre\u00e7a postal) de cada autor.<\/p>\n<p style=\"padding-left: 40px\">2) El manuscrit ha de contenir el t\u00edtol (per\u00f2 sense refer\u00e8ncia als autors), resum (entre 100 i 180 paraules), fins a 7 paraules clau, entre 2 i 4 codis de classificaci\u00f3 d&#8217;acord amb el Classification System for Journal Articles as used by the Journal of Economic Literature, i el text complet del treball.<\/p>\n<p><\/p>","protected":false},"excerpt":{"rendered":"<p>Recordem que per a l&#8217;acceptaci\u00f3 final del treball cal registrar-se al \u00a0website. \u00c9s important tenir en compte que almenys la meitat dels autors de cada article s&#8217;han de registrar i pagar la tarifa del Congr\u00e9s.<br \/>\nEls manuscrits, escrits en angl\u00e8s,\u00a0 s&#8217;han d&#8217;enviar per correu electr\u00f2nic a sigef@umh.es<br \/>\nPREPAREU EL SEU TREBALL PER AL SEU ENVIAMENT<br \/>\nTot treball ha [&#8230;]<\/p>\n","protected":false},"author":1265,"featured_media":0,"parent":0,"menu_order":3,"comment_status":"closed","ping_status":"closed","template":"","meta":{"_links_to":"","_links_to_target":""},"_links":{"self":[{"href":"https:\/\/sigef.umh.es\/ca\/wp-json\/wp\/v2\/pages\/84"}],"collection":[{"href":"https:\/\/sigef.umh.es\/ca\/wp-json\/wp\/v2\/pages"}],"about":[{"href":"https:\/\/sigef.umh.es\/ca\/wp-json\/wp\/v2\/types\/page"}],"author":[{"embeddable":true,"href":"https:\/\/sigef.umh.es\/ca\/wp-json\/wp\/v2\/users\/1265"}],"replies":[{"embeddable":true,"href":"https:\/\/sigef.umh.es\/ca\/wp-json\/wp\/v2\/comments?post=84"}],"version-history":[{"count":0,"href":"https:\/\/sigef.umh.es\/ca\/wp-json\/wp\/v2\/pages\/84\/revisions"}],"wp:attachment":[{"href":"https:\/\/sigef.umh.es\/ca\/wp-json\/wp\/v2\/media?parent=84"}],"curies":[{"name":"wp","href":"https:\/\/api.w.org\/{rel}","templated":true}]}}