{"id":78,"date":"2023-01-10T10:35:36","date_gmt":"2023-01-10T09:35:36","guid":{"rendered":"https:\/\/sigef.umh.es\/?page_id=78"},"modified":"2023-06-05T12:14:36","modified_gmt":"2023-06-05T10:14:36","slug":"english-important-dates","status":"publish","type":"page","link":"https:\/\/sigef.umh.es\/ca\/english-important-dates\/","title":{"rendered":"Dates importants"},"content":{"rendered":"<p><strong>31 de maig de 2023:<\/strong> Data l\u00edmit per a la presentaci\u00f3 de treballs (text complet o resum ampliat)<br \/>\n<strong>Notificaci\u00f3 d&#8217;acceptaci\u00f3<\/strong>: l&#8217;investigador ser\u00e0 informat dins dels 10 dies posteriors a la presentaci\u00f3<br \/>\n<strong>28 de juny del 2023<\/strong>: enviament del treball final<br \/>\n<strong>30 de juny 2023:<\/strong> Inscripci\u00f3 anticipada<br \/>\n<strong>6 de juliol de 2023:<\/strong> Inscripci\u00f3 tardana<br \/>\n<strong>10 i 11 de juliol de 2023:<\/strong> Congr\u00e9s<\/p>\n<p><span style=\"color: #ff0000\"><em>Ens agradaria informar-vos de l&#8217;ampliaci\u00f3 del termini per a la presentaci\u00f3 de treballs:<\/em><\/span><\/p>\n<p style=\"padding-left: 40px\"><span style=\"color: #ff0000\"><em><strong>19 de juny de 2023<\/strong>: nova data l\u00edmit per a la presentaci\u00f3 de treballs (text complet o resum ampliat)<\/em><\/span><\/p>\n<p style=\"padding-left: 40px\"><span style=\"color: #ff0000\"><em><strong>30 de juny de 2023:<\/strong> nova data l\u00edmit per a la presentaci\u00f3 del treball final<\/em><\/span><\/p>\n<p><\/p>","protected":false},"excerpt":{"rendered":"<p>31 de maig de 2023: Data l\u00edmit per a la presentaci\u00f3 de treballs (text complet o resum ampliat)<br \/>\nNotificaci\u00f3 d&#8217;acceptaci\u00f3: l&#8217;investigador ser\u00e0 informat dins dels 10 dies posteriors a la presentaci\u00f3<br \/>\n28 de juny del 2023: enviament del treball final<br \/>\n30 de juny 2023: Inscripci\u00f3 anticipada<br \/>\n6 de juliol de 2023: Inscripci\u00f3 tardana<br \/>\n10 i 11 de juliol de 2023: [&#8230;]<\/p>\n","protected":false},"author":1265,"featured_media":0,"parent":0,"menu_order":2,"comment_status":"closed","ping_status":"closed","template":"","meta":{"_links_to":"","_links_to_target":""},"_links":{"self":[{"href":"https:\/\/sigef.umh.es\/ca\/wp-json\/wp\/v2\/pages\/78"}],"collection":[{"href":"https:\/\/sigef.umh.es\/ca\/wp-json\/wp\/v2\/pages"}],"about":[{"href":"https:\/\/sigef.umh.es\/ca\/wp-json\/wp\/v2\/types\/page"}],"author":[{"embeddable":true,"href":"https:\/\/sigef.umh.es\/ca\/wp-json\/wp\/v2\/users\/1265"}],"replies":[{"embeddable":true,"href":"https:\/\/sigef.umh.es\/ca\/wp-json\/wp\/v2\/comments?post=78"}],"version-history":[{"count":0,"href":"https:\/\/sigef.umh.es\/ca\/wp-json\/wp\/v2\/pages\/78\/revisions"}],"wp:attachment":[{"href":"https:\/\/sigef.umh.es\/ca\/wp-json\/wp\/v2\/media?parent=78"}],"curies":[{"name":"wp","href":"https:\/\/api.w.org\/{rel}","templated":true}]}}