{"id":48,"date":"2023-01-10T08:56:35","date_gmt":"2023-01-10T07:56:35","guid":{"rendered":"https:\/\/sigef.umh.es\/?page_id=48"},"modified":"2023-02-01T19:36:43","modified_gmt":"2023-02-01T18:36:43","slug":"general-information","status":"publish","type":"page","link":"https:\/\/sigef.umh.es\/ca\/general-information\/","title":{"rendered":"Informaci\u00f3 General"},"content":{"rendered":"<p><\/p>\n<h2>ELX<\/h2>\n<p><img loading=\"lazy\" class=\"alignnone size-medium wp-image-186\" src=\"https:\/\/sigef.umh.es\/files\/2023\/01\/ELCHE-CHULA-300x169.jpg\" alt=\"\" width=\"300\" height=\"169\" srcset=\"https:\/\/sigef.umh.es\/files\/2023\/01\/ELCHE-CHULA-300x169.jpg 300w, https:\/\/sigef.umh.es\/files\/2023\/01\/ELCHE-CHULA-1024x576.jpg 1024w, https:\/\/sigef.umh.es\/files\/2023\/01\/ELCHE-CHULA-768x432.jpg 768w, https:\/\/sigef.umh.es\/files\/2023\/01\/ELCHE-CHULA-1536x864.jpg 1536w, https:\/\/sigef.umh.es\/files\/2023\/01\/ELCHE-CHULA.jpg 1920w\" sizes=\"(max-width: 300px) 100vw, 300px\" \/> <img loading=\"lazy\" class=\"alignnone size-medium wp-image-180\" src=\"https:\/\/sigef.umh.es\/files\/2023\/01\/palacio_altamira_elche_t0300792.jpg_1306973099-300x166.jpg\" alt=\"\" width=\"300\" height=\"166\" srcset=\"https:\/\/sigef.umh.es\/files\/2023\/01\/palacio_altamira_elche_t0300792.jpg_1306973099-300x166.jpg 300w, https:\/\/sigef.umh.es\/files\/2023\/01\/palacio_altamira_elche_t0300792.jpg_1306973099.jpg 660w\" sizes=\"(max-width: 300px) 100vw, 300px\" \/><\/p>\n<p>Elx, situada al sud de la Comunitat Valenciana (a la prov\u00edncia d&#8217;Alacant), \u00e9s la capital de la comarca del Baix Vinalop\u00f3. La seva poblaci\u00f3 supera els 230.000 habitants i el terme municipal t\u00e9 326 km2. Compte amb una rica hist\u00f2ria que es remunta diversos mil\u00b7lennis i que ha aportat al seu cabal cultural i al seu paisatge joies com la Dama d&#8217;Elx, l&#8217;obra m\u00e9s representativa de l&#8217;art ib\u00e8ric; el Palmerar, llegat hisp\u00e0 musulm\u00e0 i el Misteri d\u2019Elx, darrer vestigi viu del teatre religi\u00f3s medieval; aquestes dues darreres han estat declarades Patrimoni de la Humanitat per la UNESCO.<\/p>\n<p>La ciutat disposa d\u00b4excel\u00b7lents comunicacions gr\u00e0cies a l\u00b4aeroport internacional Alacant-Elx, la completa xarxa de carreteres, el proper port i la connexi\u00f3 ferrovi\u00e0ria.<\/p>\n<p><a href=\"https:\/\/youtu.be\/uxYyKEW1l_c\" target=\"_blank\" rel=\"noopener\">Tour Elx<\/a><\/p>\n<h2>UNIVERSITAT MIGUEL HERN\u00c1NDEZ D&#8217;ELX (UMH)<\/h2>\n<p><img loading=\"lazy\" class=\"size-medium wp-image-51 alignnone\" src=\"https:\/\/sigef.umh.es\/files\/2023\/01\/rectorado-300x169.jpg\" alt=\"\" width=\"300\" height=\"169\" srcset=\"https:\/\/sigef.umh.es\/files\/2023\/01\/rectorado-300x169.jpg 300w, https:\/\/sigef.umh.es\/files\/2023\/01\/rectorado-1024x576.jpg 1024w, https:\/\/sigef.umh.es\/files\/2023\/01\/rectorado-768x432.jpg 768w, https:\/\/sigef.umh.es\/files\/2023\/01\/rectorado.jpg 1200w\" sizes=\"(max-width: 300px) 100vw, 300px\" \/>\u00a0 <img loading=\"lazy\" class=\"size-medium wp-image-54 alignnone\" src=\"https:\/\/sigef.umh.es\/files\/2023\/01\/galia-umh-300x169.jpg\" alt=\"\" width=\"300\" height=\"169\" srcset=\"https:\/\/sigef.umh.es\/files\/2023\/01\/galia-umh-300x169.jpg 300w, https:\/\/sigef.umh.es\/files\/2023\/01\/galia-umh-1024x576.jpg 1024w, https:\/\/sigef.umh.es\/files\/2023\/01\/galia-umh-768x432.jpg 768w, https:\/\/sigef.umh.es\/files\/2023\/01\/galia-umh-1536x864.jpg 1536w, https:\/\/sigef.umh.es\/files\/2023\/01\/galia-umh.jpg 1600w\" sizes=\"(max-width: 300px) 100vw, 300px\" \/><\/p>\n<p>La Universitat Miguel Hern\u00e1ndez (UMH) \u00e9s una universitat p\u00fablica espanyola amb seu central a la ciutat d&#8217;Elx, que imparteix la seva doc\u00e8ncia a totes les \u00e0rees del coneixement. Oferta 26 graus, dos Dobles graus i 50 m\u00e0sters oficials i 13 Programes de Doctorat als seus quatre campus, distribu\u00efts del nord al sud de la prov\u00edncia d\u2019Alacant a les poblacions d\u2019Altea, Sant Joan d\u2019Alacant, Elx i Oriola. L&#8217;estructura docent de la Universitat Miguel Hern\u00e1ndez d&#8217;Elx es compon de 7 Facultats (Facultat de Belles Arts, Facultat de Ci\u00e8ncies Experimentals, Facultat de Ci\u00e8ncies Socials i Jur\u00eddiques d&#8217;Elx, Facultat de Ci\u00e8ncies Socials i Jur\u00eddiques d&#8217;Oriola, Facultat de Ci\u00e8ncies Sociosanit\u00e0ries , Facultat de Farm\u00e0cia i Facultat de Medicina), i 2 Escoles (Escola Polit\u00e8cnica Superior d&#8217;Elx i Escola Polit\u00e8cnica Superior d&#8217;Oriola). Pel que fa a l&#8217;estructura de recerca, compta amb 5 Instituts de Recerca (Institut Centre de Recerca Operativa, Institut de Bioenginyeria, Institut de Recerca, Desenvolupament i Innovaci\u00f3 en Biotecnologia Sanit\u00e0ria d&#8217;Elx, Institut de Neuroci\u00e8ncies, Institut interuniversitari L\u00f3pez Pi\u00f1ero d&#8217;estudis hist\u00f2rics i socials ). ), 27 Departaments i 13 Centres de Recerca.<\/p>\n<p>La UMH est\u00e0 al servei de la societat realitzant formaci\u00f3 superior, investigaci\u00f3 i transfer\u00e8ncia de coneixement, i prestant serveis de qualitat per satisfer les expectatives i les demandes de la societat. Est\u00e0 comprom\u00e8s amb la formaci\u00f3 integral, innovadora i \u00e8tica de l&#8217;estudiantat, estimulant el desenvolupament professional i la capacitat emprenedora dels qui integrin la seva comunitat. Forma part de la seva missi\u00f3 col\u00b7laborar activament en el desenvolupament social, econ\u00f2mic, cultural i mediambiental.<\/p>\n<p>La UMH va n\u00e9ixer el 1997 amb la voluntat de ser una instituci\u00f3 p\u00fablica d&#8217;educaci\u00f3 superior innovadora, capa\u00e7 de respondre als reptes i les exigencies dels canvis al sector de l&#8217;ensenyament superior a l&#8217;inici del segle XXI. En aquests moments, l&#8217;objectiu primordial era aconseguir ser una universitat reconeguda per la seva excel\u00b7l\u00e8ncia a la doc\u00e8ncia, a la investigaci\u00f3 i la gesti\u00f3, objectiu que s&#8217;ha mantingut a llarg de l&#8217; curta, per\u00f2 no menys intensa, exist\u00e8ncia de la UMH. En efecte, la UMH proposa continuar incorporant la innovaci\u00f3 i l&#8217;excel\u00b7l\u00e8ncia per continuar escalant les posicions entre les millors del nostre entorn. Segons diferents indicadors de qualitat de les universitats, la Universitat Miguel Hern\u00e1ndez d&#8217;Elx es troba entre els millors llocs de les universitats espanyoles als par\u00e0metres d&#8217;innovaci\u00f3 i desenvolupament tecnol\u00f2gic, sostenibilitat ambiental, en doc\u00e8ncia i en l&#8217;\u00e0mbit de la ind\u00fastria, innovaci\u00f3 i infraestructura. .<\/p>\n<p>La visi\u00f3 de la UMH \u00e9s una universitat de qualitat i excel\u00b7l\u00e8ncia, amb prestigi internacional a l&#8217;\u00e0mbit de la formaci\u00f3, la recerca, la transfer\u00e8ncia del coneixement, la gesti\u00f3 i la contribuci\u00f3 al desenvolupament econ\u00f2mic i sociocultural sota un model de desenvolupament sostenible. Ser una universitat socialment responsable, basada en valors \u00e8tics, principis d\u02bbefici\u00e8ncia pressupost\u00e0ria i vinculada al territori, fomentant la promoci\u00f3 d\u02bbestils de vida saludables, l\u02bbequitat, el respecte a la diversitat i la conservaci\u00f3 del medi ambient. La UMH es basa en un projecte integrador i de consens, basat en el reconeixement de la diversitat i de les difer\u00e8ncies entre els campus, les \u00e0rees de coneixement i les persones que componen la comunitat universit\u00e0ria.<\/p>\n<p><a href=\"https:\/\/youtu.be\/hYIgVeyIKp8\" target=\"_blank\" rel=\"noopener\">Tour UMH<\/a><\/p>\n<h2>DEPARTAMENT D&#8217;ESTUDIS ECON\u00d2MICS I FINANCIERS<\/h2>\n<p><img loading=\"lazy\" class=\"alignnone size-medium wp-image-187\" src=\"https:\/\/sigef.umh.es\/files\/2023\/01\/los-8-males-del-profesor-universitario-es-uno-de-los-trabajos-mas-toxicos-que-existen-300x135.jpg\" alt=\"\" width=\"300\" height=\"135\" srcset=\"https:\/\/sigef.umh.es\/files\/2023\/01\/los-8-males-del-profesor-universitario-es-uno-de-los-trabajos-mas-toxicos-que-existen-300x135.jpg 300w, https:\/\/sigef.umh.es\/files\/2023\/01\/los-8-males-del-profesor-universitario-es-uno-de-los-trabajos-mas-toxicos-que-existen-768x345.jpg 768w, https:\/\/sigef.umh.es\/files\/2023\/01\/los-8-males-del-profesor-universitario-es-uno-de-los-trabajos-mas-toxicos-que-existen.jpg 992w\" sizes=\"(max-width: 300px) 100vw, 300px\" \/> <img loading=\"lazy\" class=\"\" src=\"https:\/\/sigef.umh.es\/files\/2023\/01\/PEPE-2-300x160.jpg\" width=\"253\" height=\"135\" \/><\/p>\n<p>El Departament d&#8217;Estudis Econ\u00f2mics i Financers est\u00e0 format per seis \u00e0rees de coneixement: Comercialitzaci\u00f3 i Investigaci\u00f3 de Mercats, Dret Financer i Tributari, Economia Aplicada, Economia Financera i Comptabilitat, Fonaments d&#8217;An\u00e0lisi Econ\u00f2mica i Organitzaci\u00f3 d&#8217;Empreses. La seva principal missi\u00f3 \u00e9s formar professionals als \u00e0mbits anteriors, aix\u00ed com contribuir a la formaci\u00f3 de professionals d&#8217;altres camps, com a Enginyeria o Estad\u00edstica. En concret, el Departament d&#8217;Estudis Econ\u00f2mics i Financers imparteix docencia en una gran diversitat d&#8217;estudis de grau, entre els quals hi ha Administraci\u00f3 i Direcci\u00f3 d&#8217;Empreses, Dret, Relacions Laborals i Recursos Humans, i Ci\u00e8ncies Pol\u00edtiques i Gesti\u00f3 P\u00fablica. Tamb\u00e9 participa a la doc\u00e8ncia, entre altres, dels graus de diverses enginyeries de la branca industrial i de telecomunicacions. Pel que fa als estudis de m\u00e0ster, imparteix el M\u00e0ster Oficial Universitari en Auditoria de comptes, el M\u00e0ster Oficial Universitari en Comptabilitat i Finances Avan\u00e7ades, el M\u00e0ster Oficial Universitari en Assessoria Fiscal, el d&#8217;Administraci\u00f3 i Direcci\u00f3 d&#8217;Empreses (MADE), el M\u00e0ster Executive in International Business (MIBU), el de Direcci\u00f3 i Administraci\u00f3 de l&#8217;Empresa Comercial i la Internacionalitzaci\u00f3 de l&#8217;Empresa. Aix\u00ed mateix, participa a altres m\u00e0sters universitaris i diversos cursos d&#8217;especialitzaci\u00f3 professional. Les tasques educatives es completen amb el Programa de doctorat en M\u00e0rqueting i Direcci\u00f3 Estrat\u00e8gica d&#8217;Empreses i amb la direcci\u00f3 de tesis i treballs de sufici\u00e8ncia investigadora, vinculats a les l\u00ednies de recerca i projectes de R+D del Departament. Complement\u00e0riament a aquestes activitats docents i investigadors, els professors i investigadors que conformen el Departament vaig mantenir una \u00e0mplia relaci\u00f3 amb empreses i institucions, la qual cosa facilita la col\u00b7laboraci\u00f3 i el desenvolupament de treballs de recerca, aix\u00ed com experi\u00e8ncies pr\u00e0ctiques per als nostres estudiants.<\/p>\n<p class=\"cuerpo\" style=\"text-align: justify;background: white;margin: 12.0pt 0cm 0cm 0cm\"><span style=\"font-family: 'Verdana',sans-serif;color: #1f1f1f\">\u00a0<\/span><\/p>\n<p><\/p>","protected":false},"excerpt":{"rendered":"<p>ELX<\/p>\n<p>Elx, situada al sud de la Comunitat Valenciana (a la prov\u00edncia d&#8217;Alacant), \u00e9s la capital de la comarca del Baix Vinalop\u00f3. La seva poblaci\u00f3 supera els 230.000 habitants i el terme municipal t\u00e9 326 km2. Compte amb una rica hist\u00f2ria que es remunta diversos mil\u00b7lennis i que ha aportat al seu cabal cultural i [&#8230;]<\/p>\n","protected":false},"author":1265,"featured_media":0,"parent":0,"menu_order":1,"comment_status":"closed","ping_status":"closed","template":"","meta":{"_links_to":"","_links_to_target":""},"_links":{"self":[{"href":"https:\/\/sigef.umh.es\/ca\/wp-json\/wp\/v2\/pages\/48"}],"collection":[{"href":"https:\/\/sigef.umh.es\/ca\/wp-json\/wp\/v2\/pages"}],"about":[{"href":"https:\/\/sigef.umh.es\/ca\/wp-json\/wp\/v2\/types\/page"}],"author":[{"embeddable":true,"href":"https:\/\/sigef.umh.es\/ca\/wp-json\/wp\/v2\/users\/1265"}],"replies":[{"embeddable":true,"href":"https:\/\/sigef.umh.es\/ca\/wp-json\/wp\/v2\/comments?post=48"}],"version-history":[{"count":0,"href":"https:\/\/sigef.umh.es\/ca\/wp-json\/wp\/v2\/pages\/48\/revisions"}],"wp:attachment":[{"href":"https:\/\/sigef.umh.es\/ca\/wp-json\/wp\/v2\/media?parent=48"}],"curies":[{"name":"wp","href":"https:\/\/api.w.org\/{rel}","templated":true}]}}