{"id":245,"date":"2023-07-03T12:33:37","date_gmt":"2023-07-03T10:33:37","guid":{"rendered":"https:\/\/sigef.umh.es\/?page_id=245"},"modified":"2023-07-04T17:24:21","modified_gmt":"2023-07-04T15:24:21","slug":"english-congress-program","status":"publish","type":"page","link":"https:\/\/sigef.umh.es\/ca\/english-congress-program\/","title":{"rendered":"PROGRAMA DEL CONGR\u00c9S"},"content":{"rendered":"<h1><strong>July 10<sup>th<\/sup>, 2023<\/strong><\/h1>\n<table width=\"576\">\n<tbody>\n<tr>\n<td width=\"576\"><strong>10:00 h. Welcome <\/strong><\/td>\n<\/tr>\n<tr>\n<td width=\"576\"><\/td>\n<\/tr>\n<tr>\n<td width=\"576\"><strong>10:30 \u2013 11:30 h. Session 1: Management<\/strong><\/td>\n<\/tr>\n<tr>\n<td width=\"576\"><em>Chair: Laura Fabregat Aibar<\/em><\/td>\n<\/tr>\n<tr>\n<td width=\"576\">\u00b7\u00a0\u00a0\u00a0\u00a0\u00a0\u00a0\u00a0\u00a0 Fuzzy Entropy: An application to a model of fuzzy business diagnosis<\/p>\n<p><em>\u00a0\u00a0\u00a0\u00a0\u00a0\u00a0\u00a0\u00a0\u00a0\u00a0\u00a0\u00a0\u00a0\u00a0\u00a0\u00a0\u00a0 H.\u00a0 Vigier; V.\u00a0 Scherger; A.\u00a0 Terce\u00f1o<\/em><\/td>\n<\/tr>\n<tr>\n<td width=\"576\">\u00b7\u00a0\u00a0\u00a0\u00a0\u00a0\u00a0\u00a0\u00a0 A decision tree approach for predicting insolvency of SMES: an empirical research in Spain<\/p>\n<p><em>\u00a0\u00a0\u00a0\u00a0\u00a0\u00a0\u00a0\u00a0\u00a0\u00a0\u00a0\u00a0\u00a0\u00a0 A. Navarro-Galera; J. Lara-Rubio; P. Novoa-Hern\u00e1ndez; C.A. Cruz Corona\u00a0 <\/em><\/td>\n<\/tr>\n<tr>\n<td width=\"576\">\u00b7\u00a0\u00a0\u00a0\u00a0\u00a0\u00a0\u00a0\u00a0 Prioritization of the values and future perspectives of tourists among generations regarding water conservation in hotels in the northern region of Quintana Roo, through Fuzzy Logic<\/p>\n<p><em>\u00a0\u00a0\u00a0\u00a0\u00a0\u00a0\u00a0\u00a0\u00a0\u00a0\u00a0\u00a0\u00a0\u00a0 M.S.\u00a0 Maciel\u00a0 Alvarado; J.M.\u00a0 Brotons\u00a0 Mart\u00ednez; R. Ch\u00e1vez\u00a0 Rivera<\/em><\/td>\n<\/tr>\n<tr>\n<td width=\"576\">\u00b7\u00a0\u00a0\u00a0\u00a0\u00a0\u00a0\u00a0\u00a0 Fuzzy model for estimating the worsening of pathologies due to delays in treatment<\/p>\n<p><em>\u00a0\u00a0\u00a0\u00a0\u00a0\u00a0\u00a0\u00a0\u00a0\u00a0\u00a0\u00a0\u00a0\u00a0 <\/em><em>J.M.\u00a0 Brotons\u00a0 Mart\u00ednez; M.E. Sansalvador Sell\u00e9s; J.F. Gonz\u00e1lez Carbonell<\/em><\/td>\n<\/tr>\n<tr>\n<td width=\"576\"><\/td>\n<\/tr>\n<tr>\n<td width=\"576\"><strong>11:30 h. Coffee break<\/strong><\/td>\n<\/tr>\n<tr>\n<td width=\"576\"><strong>\u00a0<\/strong><\/p>\n<p><strong>12:00 \u2013 13:00 h. Session 2: Clustering and classification<\/strong><\/td>\n<\/tr>\n<tr>\n<td width=\"576\"><em>Chair: \u00a0Vasile Georgescu<\/em><\/td>\n<\/tr>\n<tr>\n<td width=\"576\">\u00b7\u00a0\u00a0\u00a0\u00a0\u00a0\u00a0\u00a0\u00a0 Unsupervised classification model using environmental and financial performance attributes: case applied in latin american countries<\/p>\n<p><em>M.P. Rodriguez Garc\u00eda;\u00a0 P. Lara Vel\u00e1zquez.<\/em><\/td>\n<\/tr>\n<tr>\n<td width=\"576\">\u00b7\u00a0\u00a0\u00a0\u00a0\u00a0\u00a0\u00a0\u00a0 A fuzzy-cluster analysis of financial ratios on the basis of compositional data theory<\/p>\n<p><em>X. Molas Colomer; S. Linares Mustar\u00f3s; J.C. Ferrer Comalat<\/em><\/td>\n<\/tr>\n<tr>\n<td width=\"576\">\u00b7\u00a0\u00a0\u00a0\u00a0\u00a0\u00a0\u00a0\u00a0 Integrating fuzzy cognitive maps with statistical reasoning in explainable artificial intelligence<\/p>\n<p><em>Vesa A.\u00a0 Niskanen<\/em><\/td>\n<\/tr>\n<tr>\n<td width=\"576\">\u00b7\u00a0\u00a0\u00a0\u00a0\u00a0\u00a0\u00a0\u00a0 The uncertainty of public policies for sustainability in companies with high electricity consumption: region III of Michoacan, M\u00e9xico<\/p>\n<p><em>R. Chavez Rivera; J.M. Brotons Mart\u00ednez; M.B. Flores Romero; B. Naces Lara <\/em><\/td>\n<\/tr>\n<tr>\n<td width=\"576\"><\/td>\n<\/tr>\n<tr>\n<td width=\"576\"><strong>13:00 \u2013 14:00 h. Session 3: Modelling Techniques. <\/strong><\/td>\n<\/tr>\n<tr>\n<td width=\"576\"><em>Chair: Martha del Pilar Rodr\u00edguez Garc\u00eda<\/em><\/td>\n<\/tr>\n<tr>\n<td width=\"576\">\u00b7\u00a0\u00a0\u00a0\u00a0\u00a0\u00a0\u00a0\u00a0 Capturing the Impact of Russia&#8217;s Invasion of Ukraine on Energy Markets by Exploratory Data Analysis and Deep Learning-Based Prediction<\/p>\n<p><em>M. Ioana; I. Andreea G\u00eefu; V. Georgescu<\/em><\/td>\n<\/tr>\n<tr>\n<td width=\"576\">\u00b7\u00a0\u00a0\u00a0\u00a0\u00a0\u00a0\u00a0\u00a0 Topic Modelling in Tweets on Russia\u2019s Invasion of Ukraine<\/p>\n<p><em>I. A. G\u00eefu; M. Ioana; V. Georgescu<\/em><\/td>\n<\/tr>\n<tr>\n<td width=\"576\">\u00b7\u00a0\u00a0\u00a0\u00a0\u00a0\u00a0\u00a0\u00a0 Enabling technologies for digitization in greenhouses. A case study<\/p>\n<p>J.M. C\u00e1mara-Zapata; J. Ferr\u00e1ndez<\/td>\n<\/tr>\n<tr>\n<td width=\"576\">\u00b7\u00a0\u00a0\u00a0\u00a0\u00a0\u00a0\u00a0\u00a0 Simplifying lexicographic orders to rank fuzzy numbers<\/p>\n<p><em>F. Salas-Molina; D. Pla-Santamaria; A. Garcia-Bernabeu; J. Reig-Mullor <\/em><\/td>\n<\/tr>\n<tr>\n<td width=\"576\">&nbsp;<\/p>\n<p><strong>14:00 h. Working lunch<\/strong><\/p>\n<p>&nbsp;<\/td>\n<\/tr>\n<tr>\n<td width=\"576\"><strong>18:30 h. Tour of the city <em>(Tourist Info Elche &#8211; Pla\u00e7a del Parc, 3)<\/em><\/strong><\/p>\n<p><strong>\u00a0<\/strong><\/p>\n<p><strong>21:00 h. Gala dinner <em>(Els Capellans Restaurant \u2013 Huerto del Cura hotel)<\/em><\/strong><\/p>\n<p><strong>\u00a0<\/strong><\/p>\n<p><strong>\u00a0<\/strong><\/p>\n<h1><strong>July 11<sup>th<\/sup>, 2023<\/strong><\/h1>\n<\/td>\n<\/tr>\n<tr>\n<td width=\"576\"><strong>\u00a0<\/strong><\/td>\n<\/tr>\n<tr>\n<td width=\"576\"><strong>10:00 -11:00 h.\u00a0 Session 4: Corporate finance<\/strong><\/td>\n<\/tr>\n<tr>\n<td width=\"576\"><em>Chair: Joan Carles Ferrer Comalat<\/em><\/td>\n<\/tr>\n<tr>\n<td width=\"576\">\u00b7\u00a0\u00a0\u00a0\u00a0\u00a0\u00a0\u00a0\u00a0 Climate and Economic Policy Uncertainty in commodities: a wavelet approach<\/p>\n<p><em>M. G. Barber\u00e1-Marin\u00e9; A. F Bariviera; L. Fabregat-Aibar; M.T Sorrosal-Forradellas<\/em><\/td>\n<\/tr>\n<tr>\n<td width=\"576\">\u00b7\u00a0\u00a0\u00a0\u00a0\u00a0\u00a0\u00a0\u00a0 Fuzzy logic as an OECD threshold criterion for applying penalties to tax offenses: the case of Mexico<\/p>\n<p><em>C. Guerrero D\u00e1valos; M. H. Rodales Trujillo<\/em><\/td>\n<\/tr>\n<tr>\n<td width=\"576\">\u00b7\u00a0\u00a0\u00a0\u00a0\u00a0\u00a0\u00a0\u00a0 Location of sustainable companies in certainty and uncertainty<\/p>\n<p><em>F.\u00a0 Gonz\u00e1lez\u00a0 Santoyo; M.\u00a0 Flores\u00a0 Romero; R.\u00a0 Ch\u00e1vez\u00a0 Rivera<\/em><\/p>\n<p>&nbsp;<\/p>\n<p>\u00b7\u00a0\u00a0\u00a0\u00a0\u00a0\u00a0\u00a0\u00a0 Assessing fear and greed of crypto investors&#8217; sentiment on bitcoin mining energy consumption: a fuzzy regression analysis<\/p>\n<p><em>\u00a0K. A. Cortez\u00a0 Alejandro<\/em><\/td>\n<\/tr>\n<tr>\n<td width=\"576\"><\/td>\n<\/tr>\n<tr>\n<td width=\"576\"><strong>11:00 h. Coffee break<\/strong><\/td>\n<\/tr>\n<tr>\n<td width=\"576\"><\/td>\n<\/tr>\n<tr>\n<td width=\"576\"><strong>11:30 \u2013 12:30 h. Session 5: Finance<\/strong><\/td>\n<\/tr>\n<tr>\n<td width=\"576\"><em>Chair: Hern\u00e1n P. Vigier<\/em><\/td>\n<\/tr>\n<tr>\n<td width=\"576\">\u00b7\u00a0\u00a0\u00a0\u00a0\u00a0\u00a0\u00a0\u00a0 Effect of economic policy uncertainty on income margin and market capitalization in Mexican banking: application of fuzzy logic method<\/p>\n<p><em>J. A. Ruiz Valenciano; K. A. Cortez Alejandro<\/em><\/td>\n<\/tr>\n<tr>\n<td width=\"576\">\u00b7\u00a0\u00a0\u00a0\u00a0\u00a0\u00a0\u00a0\u00a0 Bitcoin prediction analysis using ramdon forest model and AI natural Lenguaje<\/p>\n<p><em>A. R Nava Solis; M. P. Rodriguez Garc\u00eda<\/em><\/td>\n<\/tr>\n<tr>\n<td width=\"576\">\u00b7\u00a0\u00a0\u00a0\u00a0\u00a0\u00a0\u00a0\u00a0 Fuzzy Jensen&#8217;s alpha analysis in Robo Advisors ESG Strategies<\/p>\n<p>R<em>. Caballero Fern\u00e1ndez; A. F.\u00a0 Galindo\u00a0 Manrique; N. P. Rojas Vargas<\/em><\/td>\n<\/tr>\n<tr>\n<td width=\"576\">\u00b7\u00a0\u00a0\u00a0\u00a0\u00a0\u00a0\u00a0\u00a0 A rating of investment funds with financial and extra-financial criteria using the Fuzzy TOPSIS methodology<\/p>\n<p><em>M. G. Barber\u00e0 Marin\u00e9; L. Fabregat-Aibar; M. T. Sorrosal-Forradellas; A. Terce\u00f1o<\/em><\/td>\n<\/tr>\n<tr>\n<td width=\"576\">&nbsp;<\/p>\n<p><strong>13:00 h. SIGEF Assembly<\/strong><\/p>\n<p>&nbsp;<\/td>\n<\/tr>\n<tr>\n<td width=\"576\"><strong>\u00a0 14:00 h. Working lunch<\/strong><\/td>\n<\/tr>\n<\/tbody>\n<\/table>\n<p>&nbsp;<\/p>\n<p>&nbsp;<\/p>\n","protected":false},"excerpt":{"rendered":"<p>July 10th, 2023<\/p>\n<p>10:00 h. Welcome <\/p>\n<p>10:30 \u2013 11:30 h. Session 1: Management<\/p>\n<p>Chair: Laura Fabregat Aibar<\/p>\n<p>\u00b7\u00a0\u00a0\u00a0\u00a0\u00a0\u00a0\u00a0\u00a0 Fuzzy Entropy: An application to a model of fuzzy business diagnosis<br \/>\n\u00a0\u00a0\u00a0\u00a0\u00a0\u00a0\u00a0\u00a0\u00a0\u00a0\u00a0\u00a0\u00a0\u00a0\u00a0\u00a0\u00a0 H.\u00a0 Vigier; V.\u00a0 Scherger; A.\u00a0 Terce\u00f1o<\/p>\n<p>\u00b7\u00a0\u00a0\u00a0\u00a0\u00a0\u00a0\u00a0\u00a0 A decision tree approach for predicting insolvency of SMES: an empirical research in Spain<br \/>\n\u00a0\u00a0\u00a0\u00a0\u00a0\u00a0\u00a0\u00a0\u00a0\u00a0\u00a0\u00a0\u00a0\u00a0 A. Navarro-Galera; J. Lara-Rubio; P. Novoa-Hern\u00e1ndez; C.A. Cruz Corona\u00a0 [&#8230;]<\/p>\n","protected":false},"author":1265,"featured_media":0,"parent":0,"menu_order":9,"comment_status":"closed","ping_status":"closed","template":"","meta":{"_links_to":"","_links_to_target":""},"_links":{"self":[{"href":"https:\/\/sigef.umh.es\/ca\/wp-json\/wp\/v2\/pages\/245"}],"collection":[{"href":"https:\/\/sigef.umh.es\/ca\/wp-json\/wp\/v2\/pages"}],"about":[{"href":"https:\/\/sigef.umh.es\/ca\/wp-json\/wp\/v2\/types\/page"}],"author":[{"embeddable":true,"href":"https:\/\/sigef.umh.es\/ca\/wp-json\/wp\/v2\/users\/1265"}],"replies":[{"embeddable":true,"href":"https:\/\/sigef.umh.es\/ca\/wp-json\/wp\/v2\/comments?post=245"}],"version-history":[{"count":0,"href":"https:\/\/sigef.umh.es\/ca\/wp-json\/wp\/v2\/pages\/245\/revisions"}],"wp:attachment":[{"href":"https:\/\/sigef.umh.es\/ca\/wp-json\/wp\/v2\/media?parent=245"}],"curies":[{"name":"wp","href":"https:\/\/api.w.org\/{rel}","templated":true}]}}