{"id":156,"date":"2023-01-10T18:24:58","date_gmt":"2023-01-10T17:24:58","guid":{"rendered":"https:\/\/sigef.umh.es\/?page_id=156"},"modified":"2023-03-02T17:45:23","modified_gmt":"2023-03-02T16:45:23","slug":"english-lugar-de-celebracion-del-congreso","status":"publish","type":"page","link":"https:\/\/sigef.umh.es\/ca\/english-lugar-de-celebracion-del-congreso\/","title":{"rendered":"Seu del congr\u00e9s"},"content":{"rendered":"<p><img loading=\"lazy\" class=\"alignnone wp-image-228\" src=\"https:\/\/sigef.umh.es\/files\/2023\/02\/0-foto-arenales-300x225.jpg\" alt=\"\" width=\"283\" height=\"212\" srcset=\"https:\/\/sigef.umh.es\/files\/2023\/02\/0-foto-arenales-300x225.jpg 300w, https:\/\/sigef.umh.es\/files\/2023\/02\/0-foto-arenales-1024x768.jpg 1024w, https:\/\/sigef.umh.es\/files\/2023\/02\/0-foto-arenales-768x576.jpg 768w, https:\/\/sigef.umh.es\/files\/2023\/02\/0-foto-arenales-1536x1152.jpg 1536w, https:\/\/sigef.umh.es\/files\/2023\/02\/0-foto-arenales-2048x1536.jpg 2048w\" sizes=\"(max-width: 283px) 100vw, 283px\" \/>\u00a0<img loading=\"lazy\" class=\"alignnone wp-image-222\" src=\"https:\/\/sigef.umh.es\/files\/2023\/02\/0-ARENALS-02-300x200.jpg\" alt=\"\" width=\"314\" height=\"209\" srcset=\"https:\/\/sigef.umh.es\/files\/2023\/02\/0-ARENALS-02-300x200.jpg 300w, https:\/\/sigef.umh.es\/files\/2023\/02\/0-ARENALS-02.jpg 750w\" sizes=\"(max-width: 314px) 100vw, 314px\" \/><\/p>\n<p>Els actes principals del XXII Congr\u00e9s es desenvoluparan al Sal\u00f3n de grados del Edificio Arenals ubicat al Campus d&#8217;Elx de la Universitat Miguel Hern\u00e1ndez (<em>Avda. de la Universidad s\/n, 03202 Elche, Alicante<\/em>)<\/p>\n<p>( [<a href=\"https:\/\/universite.umh.es\/localizaciones\/default.htm?&amp;selT=estancias&amp;selI=E36P0026\">Veure pantalla completa<\/a>]<br><br><iframe src=\"https:\/\/universite.umh.es\/localizaciones\/default.htm?face=nok&amp;selT=estancias&amp;selI=E36P0026\" frameborder=0 style=\"border: 0px solid #ffffff;\" width=\"600 px\" height=\"425 px\"><\/iframe>\n )<\/p>\n<p><a href=\"https:\/\/comunicacion.umh.es\/files\/2019\/05\/Elche.png\" target=\"_blank\" rel=\"noopener\">Campus map<\/a><\/p>\n<p>Per arribar-hi a la seu del congr\u00e9s:<\/p>\n<p><a href=\"https:\/\/www.google.es\/maps\/dir\/Aeropuerto+de+Alicante-Elche+Miguel+Hern%C3%A1ndez+(ALC)+(ALC),+El+Altet\/UMH:+CAFETER%C3%8DA+Edificio+Arenals,+Altabix-3,+55,+03207+Elche,+Alicante\/@38.2773993,-0.6836335,287m\/data=!3m1!1e3!4m14!4m13!1m5!1m1!1s0xd624ac64d10da33:0xdcb245de25b9bef1!2m2!1d-0.5624981!2d38.2850929!1m5!1m1!1s0xd63b67b7d60353b:0xb0fc98231d35ba25!2m2!1d-0.6849312!2d38.2776876!3e0?hl=es\" target=\"_blank\" rel=\"noopener\">From Alicante-Elche Airport to Edificio Arenals (UMH)<\/a><\/p>\n<p><a href=\"https:\/\/www.google.es\/maps\/dir\/Elx+Parc,+Elche\/UMH:+CAFETER%C3%8DA+Edificio+Arenals,+Altabix-3,+55,+03207+Elche,+Alicante\/@38.2750888,-0.6922651,967m\/data=!3m2!1e3!4b1!4m14!4m13!1m5!1m1!1s0xd63b719f0203849:0x437257f2e4aef02d!2m2!1d-0.6952109!2d38.2717784!1m5!1m1!1s0xd63b67b7d60353b:0xb0fc98231d35ba25!2m2!1d-0.6849312!2d38.2776876!3e2?hl=es\" target=\"_blank\" rel=\"noopener\">Walking from Elche Parque train station to Edificio Arenals (UMH)<\/a><\/p>\n<p><a href=\"https:\/\/www.google.es\/maps\/dir\/Estaci%C3%B3n+de+Autobuses+de+Elche,+Avenida+del+Alcalde+Vicente+Quiles,+Elche\/UMH:+CAFETER%C3%8DA+Edificio+Arenals,+Altabix-3,+55,+03207+Elche,+Alicante\/@38.2758805,-0.6910033,967m\/data=!3m2!1e3!4b1!4m14!4m13!1m5!1m1!1s0xd63b689fc473097:0xd2e3680cb0f21c3c!2m2!1d-0.6917583!2d38.2725087!1m5!1m1!1s0xd63b67b7d60353b:0xb0fc98231d35ba25!2m2!1d-0.6849312!2d38.2776876!3e2?hl=es\" target=\"_blank\" rel=\"noopener\">Walking from Elche Bus station to Edificio Arenals (UMH)<\/a><\/p>","protected":false},"excerpt":{"rendered":"<p>\u00a0<br \/>\nEls actes principals del XXII Congr\u00e9s es desenvoluparan al Sal\u00f3n de grados del Edificio Arenals ubicat al Campus d&#8217;Elx de la Universitat Miguel Hern\u00e1ndez (Avda. de la Universidad s\/n, 03202 Elche, Alicante)<br \/>\n( [Veure pantalla completa]<br \/>\n )<br \/>\nCampus map<br \/>\nPer arribar-hi a la seu del congr\u00e9s:<br \/>\nFrom Alicante-Elche Airport to Edificio Arenals (UMH)<br \/>\nWalking from Elche Parque train station to [&#8230;]<\/p>\n","protected":false},"author":1265,"featured_media":0,"parent":0,"menu_order":5,"comment_status":"closed","ping_status":"closed","template":"","meta":{"_links_to":"","_links_to_target":""},"_links":{"self":[{"href":"https:\/\/sigef.umh.es\/ca\/wp-json\/wp\/v2\/pages\/156"}],"collection":[{"href":"https:\/\/sigef.umh.es\/ca\/wp-json\/wp\/v2\/pages"}],"about":[{"href":"https:\/\/sigef.umh.es\/ca\/wp-json\/wp\/v2\/types\/page"}],"author":[{"embeddable":true,"href":"https:\/\/sigef.umh.es\/ca\/wp-json\/wp\/v2\/users\/1265"}],"replies":[{"embeddable":true,"href":"https:\/\/sigef.umh.es\/ca\/wp-json\/wp\/v2\/comments?post=156"}],"version-history":[{"count":0,"href":"https:\/\/sigef.umh.es\/ca\/wp-json\/wp\/v2\/pages\/156\/revisions"}],"wp:attachment":[{"href":"https:\/\/sigef.umh.es\/ca\/wp-json\/wp\/v2\/media?parent=156"}],"curies":[{"name":"wp","href":"https:\/\/api.w.org\/{rel}","templated":true}]}}