{"id":105,"date":"2023-01-10T11:47:24","date_gmt":"2023-01-10T10:47:24","guid":{"rendered":"https:\/\/sigef.umh.es\/?page_id=105"},"modified":"2023-05-30T18:14:21","modified_gmt":"2023-05-30T16:14:21","slug":"english-scientific-commitee","status":"publish","type":"page","link":"https:\/\/sigef.umh.es\/ca\/english-scientific-commitee\/","title":{"rendered":"comit\u00e8 cient\u00edfic"},"content":{"rendered":"<p><strong>Honorary Chair<\/strong><\/p>\n<p>Jaime Gil Aluja (Honorary President, SIGEF, Spain)\u00a0 <a href=\"mailto:secretaria@racef.es\">secretaria@racef.es<\/a><\/p>\n<p><strong>Chair<\/strong><\/p>\n<p>Jos\u00e9 Manuel Brotons (University Miguel Hern\u00e1ndez, Spain) <a href=\"mailto:jm.brotons@umh.es\">jm.brotons@umh.es<\/a><\/p>\n<p><strong>Co-Chair<\/strong><\/p>\n<p>Gl\u00f2ria Barber\u00e1 Marin\u00e9 (University Rovira i Virgili, Spain) <a href=\"mailto:gloria.barbera@urv.cat\">gloria.barbera@urv.cat<\/a><\/p>\n<p>Manuel Enrique Sansalvador Sell\u00e9s (University Miguel Hern\u00e1ndez, Spain) <a href=\"mailto:manri@umh.es\">manri@umh.es<\/a><\/p>\n<p><strong>Members<\/strong><\/p>\n<p>Lorella Cannavacciuolo (University of Naples Federico II, Italy) <a href=\"mailto:cannavac@unina.it\">cannavac@unina.it<\/a><\/p>\n<p>Klender Cortez (Universidad Aut\u00f3noma de Nuevo Le\u00f3n, M\u00e9xico) <a href=\"mailto:klender@yahoo.com\">klender@yahoo.com<\/a><\/p>\n<p>Sergio de los Cobos (University Aut\u00f3noma Metropolitana, Mexico) <a href=\"mailto:cobos@xanum.uam.mx\">cobos@xanum.uam.mx<\/a><\/p>\n<p>Kurt J. Engemann (Hagan School of Business, Iona College, USA) <a href=\"mailto:kengemann@iona.edu\">kengemann@iona.edu<\/a><\/p>\n<p>Elena Escrig Olmedo (Universistat Jaume I) <a href=\"mailto:eescrig@uji.es\">eescrig@uji.es<\/a>.<\/p>\n<p>Aurelio Fern\u00e1ndez Bariviera (University Rovira i Virgili, Spain) <a href=\"mailto:aurelio.fernandez@urv.cat\">aurelio.fernandez@urv.cat<\/a><\/p>\n<p>M\u00aa \u00c1ngeles Fern\u00e1ndez Izquierdo (Universistat Jaume I) <a href=\"mailto:afernand@uji.es\">afernand@uji.es<\/a><\/p>\n<p>Emma Fern\u00e1ndez Loureiro (University of Buenos Aires, Argentina) <a href=\"mailto:iemmafl@econ.uba.ar\">iemmafl@econ.uba.ar<\/a><\/p>\n<p>Joan Carles Ferrer Comalat (University of Girona, Spain) <a href=\"mailto:joancarles.ferrer@udg.es\">joancarles.ferrer@udg.es<\/a><\/p>\n<p>Vasile Georgescu (University of Craiova, Romania) <a href=\"mailto:v_geo@yahoo.com\">v_geo@yahoo.com<\/a><\/p>\n<p>Federico Gonzalez Santoyo (University Michoacana, Mexico) <a href=\"mailto:fsantoyo@umich.mx\">fsantoyo@umich.mx<\/a><\/p>\n<p>Maria Belen Guercio (CONICET, Argentina) <a href=\"mailto:guerciomb@gmail.com\">guerciomb@gmail.com<\/a><\/p>\n<p>Kaoru Hirota (Tokyo Institute of Technology, Japan) <a href=\"mailto:hirota@bit.edu.cn\">hirota@bit.edu.cn<\/a><\/p>\n<p>Luca Iandoli (University of Naples Federico II, Italy) <a href=\"mailto:iandoli@unina.it\">iandoli@unina.it<\/a><\/p>\n<p>Janusz Kacprzyk (Polish Academy of Sciences, Poland) <a href=\"mailto:janusz.kacprzyk@ibspan.waw.pl\">janusz.kacprzyk@ibspan.waw.pl<\/a><\/p>\n<p>Lisana B. Mart\u00ednez (CONICET, Argentina) <a href=\"mailto:lisanabelen.martinez@gmail.com\">lisanabelen.martinez@gmail.com<\/a><\/p>\n<p>Jos\u00e9 M. Merig\u00f3 Lindhal (University of Chile, Chile) <a href=\"mailto:jmerigo@fen.uchile.cl\">jmerigo@fen.uchile.cl<\/a><\/p>\n<p>Javier Montero (University Complutense of Madrid, Spain) <a href=\"mailto:monty@mat.ucm.es\">monty@mat.ucm.es<\/a><\/p>\n<p>Witold Pedrycz (University of Alberta, Canada) <a href=\"mailto:wpedrycz@ualberta.ca\">wpedrycz@ualberta.ca<\/a><\/p>\n<p>Cristina Ponsiglione (University of Naples Federico II, Italy) <a href=\"mailto:ponsigli@unina.it\">ponsigli@unina.it<\/a><\/p>\n<p>Martha Del Pilar Rodr\u00edguez Garc\u00eda (Universidad Aut\u00f3noma de Nuevo Le\u00f3n, M\u00e9xico) <a href=\"mailto:marthadelpilar2000@yahoo.com\">marthadelpilar2000@yahoo.com<\/a><\/p>\n<p>Teresa Sorrosal Forradellas (University Rovira i Virgili, Spain) <a href=\"mailto:mariateresa.sorrosal@urv.cat\">mariateresa.sorrosal@urv.cat<\/a><\/p>\n<p>Antonio Terce\u00f1o (University Rovira i Virgili, Spain) <a href=\"mailto:antonio.terce\u00f1o@urv.cat\">antonio.terce\u00f1o@urv.cat<\/a><\/p>\n<p>Jos\u00e9 Luis Verdegay Galdeano (University of Granada, Spain) <a href=\"mailto:verdegay@decsai.ugr.es\">verdegay@decsai.ugr.es<\/a><\/p>\n<p>Hern\u00e1n P. Vigier (University Provincial del Sudoeste, Argentine) <a href=\"mailto:hvigier@uns.edu.ar\">hvigier@uns.edu.ar<\/a><\/p>\n<p>Ronald R. Yager (Iona College, USA) <a href=\"mailto:yager@panix.com\">yager@panix.com<\/a><\/p>\n<p>Hans J. Zimmermann (Aachen Institute of Technology, Germany) <a href=\"mailto:zi@or.rwth-aachen.de\">zi@or.rwth-aachen.de<\/a><\/p>\n<p>Giuseppe Zollo (University of Naples Federico II, Italy) <a href=\"mailto:giuzollo@unina.it\">giuzollo@unina.it<\/a><\/p>","protected":false},"excerpt":{"rendered":"<p>Honorary Chair<br \/>\nJaime Gil Aluja (Honorary President, SIGEF, Spain)\u00a0 secretaria@racef.es<br \/>\nChair<br \/>\nJos\u00e9 Manuel Brotons (University Miguel Hern\u00e1ndez, Spain) jm.brotons@umh.es<br \/>\nCo-Chair<br \/>\nGl\u00f2ria Barber\u00e1 Marin\u00e9 (University Rovira i Virgili, Spain) gloria.barbera@urv.cat<br \/>\nManuel Enrique Sansalvador Sell\u00e9s (University Miguel Hern\u00e1ndez, Spain) manri@umh.es<br \/>\nMembers<br \/>\nLorella Cannavacciuolo (University of Naples Federico II, Italy) cannavac@unina.it<br \/>\nKlender Cortez (Universidad Aut\u00f3noma de Nuevo Le\u00f3n, M\u00e9xico) klender@yahoo.com<br \/>\nSergio de los Cobos (University Aut\u00f3noma Metropolitana, Mexico) [&#8230;]<\/p>\n","protected":false},"author":1265,"featured_media":0,"parent":0,"menu_order":8,"comment_status":"closed","ping_status":"closed","template":"","meta":{"_links_to":"","_links_to_target":""},"_links":{"self":[{"href":"https:\/\/sigef.umh.es\/ca\/wp-json\/wp\/v2\/pages\/105"}],"collection":[{"href":"https:\/\/sigef.umh.es\/ca\/wp-json\/wp\/v2\/pages"}],"about":[{"href":"https:\/\/sigef.umh.es\/ca\/wp-json\/wp\/v2\/types\/page"}],"author":[{"embeddable":true,"href":"https:\/\/sigef.umh.es\/ca\/wp-json\/wp\/v2\/users\/1265"}],"replies":[{"embeddable":true,"href":"https:\/\/sigef.umh.es\/ca\/wp-json\/wp\/v2\/comments?post=105"}],"version-history":[{"count":0,"href":"https:\/\/sigef.umh.es\/ca\/wp-json\/wp\/v2\/pages\/105\/revisions"}],"wp:attachment":[{"href":"https:\/\/sigef.umh.es\/ca\/wp-json\/wp\/v2\/media?parent=105"}],"curies":[{"name":"wp","href":"https:\/\/api.w.org\/{rel}","templated":true}]}}