{"id":10,"date":"2022-12-20T10:22:09","date_gmt":"2022-12-20T10:22:09","guid":{"rendered":"https:\/\/sigef.zeus.umh.es\/presentacion\/"},"modified":"2023-02-01T20:13:00","modified_gmt":"2023-02-01T19:13:00","slug":"presentacion","status":"publish","type":"page","link":"https:\/\/sigef.umh.es\/ca\/presentacion\/","title":{"rendered":"Benvinguda al XXII SIGEF Congress"},"content":{"rendered":"<p><\/p>\n<h1><strong><img loading=\"lazy\" class=\"alignnone size-full wp-image-81\" src=\"https:\/\/sigef.umh.es\/files\/2023\/01\/logo_grey.png\" alt=\"\" width=\"191\" height=\"70\" \/>\u00a0 \u00a0 <img loading=\"lazy\" class=\"alignnone size-medium wp-image-87\" src=\"https:\/\/sigef.umh.es\/files\/2023\/01\/Estudios-Economicos-y-Financieros-300x79.png\" alt=\"\" width=\"300\" height=\"79\" srcset=\"https:\/\/sigef.umh.es\/files\/2023\/01\/Estudios-Economicos-y-Financieros-300x79.png 300w, https:\/\/sigef.umh.es\/files\/2023\/01\/Estudios-Economicos-y-Financieros-1024x270.png 1024w, https:\/\/sigef.umh.es\/files\/2023\/01\/Estudios-Economicos-y-Financieros-768x203.png 768w, https:\/\/sigef.umh.es\/files\/2023\/01\/Estudios-Economicos-y-Financieros-1536x406.png 1536w, https:\/\/sigef.umh.es\/files\/2023\/01\/Estudios-Economicos-y-Financieros-2048x541.png 2048w\" sizes=\"(max-width: 300px) 100vw, 300px\" \/> <\/strong><\/h1>\n<h1><strong>XXII SIGEF Congress<\/strong><\/h1>\n<h2><em><strong>Universidad Miguel Hern\u00e1ndez (Espanya), 10-11 de juliol de 2023<\/strong><\/em><\/h2>\n<p><img loading=\"lazy\" class=\"size-medium wp-image-126\" src=\"https:\/\/sigef.umh.es\/files\/2023\/01\/Huerto_del_Cura-_MG_9269-300x200.jpg\" alt=\"\" width=\"300\" height=\"200\" srcset=\"https:\/\/sigef.umh.es\/files\/2023\/01\/Huerto_del_Cura-_MG_9269-300x200.jpg 300w, https:\/\/sigef.umh.es\/files\/2023\/01\/Huerto_del_Cura-_MG_9269-1024x683.jpg 1024w, https:\/\/sigef.umh.es\/files\/2023\/01\/Huerto_del_Cura-_MG_9269-768x512.jpg 768w, https:\/\/sigef.umh.es\/files\/2023\/01\/Huerto_del_Cura-_MG_9269-1536x1024.jpg 1536w, https:\/\/sigef.umh.es\/files\/2023\/01\/Huerto_del_Cura-_MG_9269.jpg 1920w\" sizes=\"(max-width: 300px) 100vw, 300px\" \/> <img loading=\"lazy\" class=\"size-medium wp-image-132\" src=\"https:\/\/sigef.umh.es\/files\/2023\/01\/Basilica_de_Santa_Maria-_MG_9063-300x200.jpg\" alt=\"\" width=\"300\" height=\"200\" srcset=\"https:\/\/sigef.umh.es\/files\/2023\/01\/Basilica_de_Santa_Maria-_MG_9063-300x200.jpg 300w, https:\/\/sigef.umh.es\/files\/2023\/01\/Basilica_de_Santa_Maria-_MG_9063-1024x683.jpg 1024w, https:\/\/sigef.umh.es\/files\/2023\/01\/Basilica_de_Santa_Maria-_MG_9063-768x512.jpg 768w, https:\/\/sigef.umh.es\/files\/2023\/01\/Basilica_de_Santa_Maria-_MG_9063-1536x1024.jpg 1536w, https:\/\/sigef.umh.es\/files\/2023\/01\/Basilica_de_Santa_Maria-_MG_9063.jpg 1920w\" sizes=\"(max-width: 300px) 100vw, 300px\" \/><\/p>\n<p>La International Association for Fuzzy-Set Management and Economy (SIGEF) es complace en anunciar la propera celebraci\u00f3 del seu XXII Congr\u00e9s, que tindr\u00e0 lloc a la ciutat d&#8217;Elche, a la provincia d&#8217;Alacant (Espanya). Aquest Congreso est\u00e0 organitzat per la Universidad Miguel Hern\u00e1ndez (UMH), a trav\u00e9s del Departamento de Estudios Econ\u00f3micos y Financieros, y el SIGEF Econom\u00eda (SIGEF).<\/p>\n<p>SIGEF i els congressos que organitzen un foro on acad\u00e8mics i professionals que treballen en el camp de l&#8217;economia, les finances, la gesti\u00f3 i l&#8217;organitzaci\u00f3 empresarial, poden intercambiar idees i experi\u00e8ncies sobre l&#8217;avan\u00e7 de la investigaci\u00f3, m\u00e8todes, t\u00e8cniques, aplicaci\u00f3 i projectes basats en l\u00f2gica difusa, sistemes neuronals, algorismes gen\u00e8tics i sistemes, teoria de la incertesa, teoria de la complexitat i computaci\u00f3 suau.<\/p>\n<p>L&#8217;objectiu principal del Congreso \u00e9s estimular els intercanvis cient\u00edfics, promoure la cooperaci\u00f3 internacional entre la comunitat acad\u00e8mica i les empreses, i difondre els resultats de la investigaci\u00f3 internacionalment.<\/p>\n<p>Se sol\u00b7licita contribucions per descriure resultats d&#8217;investigacions i treballs amb aplicacions a les seg\u00fcents \u00e0rees:<\/p>\n<ol>\n<li>Agent-based Modelling and Simulation<\/li>\n<li>Applications of Pattern Recognition to Economy and Management<\/li>\n<li>Approximate Reasoning<\/li>\n<li>Business Intelligence<\/li>\n<li>Chaos Theory and Applications in Economy<\/li>\n<li>Competencies Management Methods and Practices<\/li>\n<li>Complex Adaptive Systems<\/li>\n<li>Complexity Science<\/li>\n<li>Data Mining and Applications to Economic Problems<\/li>\n<li>Decision Making Systems<\/li>\n<li>Evolutionary Modeling<\/li>\n<li>Fuzzy Expert Systems for Intrusion Detection<\/li>\n<li>Fuzzy Games Theory and Applications<\/li>\n<li>Fuzzy Logic and Expert Systems in Management<\/li>\n<li>Fuzzy Logic in Audit and Security Information<\/li>\n<li>Fuzzy Multi-criteria Methods &amp; Applications<\/li>\n<li>Knowledge Management Methods and Practices<\/li>\n<li>Linguistic Information and Decision Making<\/li>\n<li>Management Intelligent Systems<\/li>\n<li>Management Methods based on Artificial Intelligence<\/li>\n<li>Modeling of Economic Processes in Uncertainty<\/li>\n<li>Modeling Aggregate Behaviour in Economics<\/li>\n<li>Multi-agent systems<\/li>\n<li>Neural Networks and GAs in Hybrid Systems for Economy and Management<\/li>\n<li>Neuro-Fuzzy Models<\/li>\n<li>Organizational Modeling<\/li>\n<li>Network Economics<\/li>\n<li>Small business management tools<\/li>\n<li>Soft Computing en Control de Administraci\u00f3n<\/li>\n<li>Software Platforms for the Management of Innovation and Extended Enterprises<\/li>\n<li>Technology Transfer from New to Old Economy<\/li>\n<\/ol>\n<p>L&#8217;organitzaci\u00f3 est\u00e0 treballant per facilitar la publicaci\u00f3 dels millors treballs. D&#8217;aquesta forma, es seleccionaran manuscrits per a la seva possible publicaci\u00f3 en n\u00fameros especials de diverses revistes indexades.<\/p>\n<p><em>Departament d&#8217;Estudis Econ\u00f2mics i Financers &#8211; Universidad Miguel Hern\u00e1ndez<\/em><\/p>","protected":false},"excerpt":{"rendered":"<p>P\u00e1gina de presentaci\u00f3n de la unidad organizativa<\/p>\n","protected":false},"author":1,"featured_media":0,"parent":0,"menu_order":0,"comment_status":"closed","ping_status":"open","template":"","meta":{"_links_to":"","_links_to_target":""},"_links":{"self":[{"href":"https:\/\/sigef.umh.es\/ca\/wp-json\/wp\/v2\/pages\/10"}],"collection":[{"href":"https:\/\/sigef.umh.es\/ca\/wp-json\/wp\/v2\/pages"}],"about":[{"href":"https:\/\/sigef.umh.es\/ca\/wp-json\/wp\/v2\/types\/page"}],"author":[{"embeddable":true,"href":"https:\/\/sigef.umh.es\/ca\/wp-json\/wp\/v2\/users\/1"}],"replies":[{"embeddable":true,"href":"https:\/\/sigef.umh.es\/ca\/wp-json\/wp\/v2\/comments?post=10"}],"version-history":[{"count":0,"href":"https:\/\/sigef.umh.es\/ca\/wp-json\/wp\/v2\/pages\/10\/revisions"}],"wp:attachment":[{"href":"https:\/\/sigef.umh.es\/ca\/wp-json\/wp\/v2\/media?parent=10"}],"curies":[{"name":"wp","href":"https:\/\/api.w.org\/{rel}","templated":true}]}}